{"id":204,"date":"2020-06-13T11:09:31","date_gmt":"2020-06-13T11:09:31","guid":{"rendered":"http:\/\/meyer-struthoff.de\/?page_id=204"},"modified":"2022-01-29T12:34:03","modified_gmt":"2022-01-29T12:34:03","slug":"agb","status":"publish","type":"page","link":"https:\/\/meyer-struthoff.de\/?page_id=204","title":{"rendered":"Unsere AGB&#8217;s"},"content":{"rendered":"\n<p>Allgemeine Gesch\u00e4ftsbedingungen (AGB)<br><br>Vermieter:<\/p>\n\n\n\n<p>Jan Meyer-Struthoff, Pelzerstra\u00dfe 30a, 23564 L\u00fcbeck<\/p>\n\n\n\n<ol class=\"wp-block-list\"><li><strong>Mietgegenstand und Schl\u00fcssel<\/strong><br>Bei dem Mietobjekt handelt es sich um eine Ferienwohnung. <br>Das Mietobjekt ist vollst\u00e4ndig eingerichtet und m\u00f6bliert und wird mit folgender Ausstattung vermietet: Bettw\u00e4sche ist im Preis enthalten<br>Der Mieter ist berechtigt, w\u00e4hrend der Mietdauer die folgenden Einrichtungen zu benutzen:<br>&#8211; Terrasse\/Balkon<br>&#8211; sonstige Gemeinschaftseinrichtungen soweit vereinbart<\/li><\/ol>\n\n\n\n<p>Der Mieter erh\u00e4lt f\u00fcr die Dauer der Mietzeit Haust\u00fcr-\/Wohnungsschl\u00fcssel<\/p>\n\n\n\n<ol class=\"wp-block-list\"><li><strong>Anreise \/ Abreise<\/strong><br>Die Anreise erfolgt am Anreisetag zwischen 14:00 Uhr und 20:00 Uhr.<br>Die Abreise erfolgt am Abreisetag bis 10:30 Uhr.<br>Andere An- und Abreisezeiten k\u00f6nnen mit dem Vermieter individuell vereinbart werden.<br><br>Sollte der Mieter am Anreisetag bis 22.00 Uhr nicht erscheinen, gilt der Vertrag nach einer Frist von 48 Stunden ohne Benachrichtigung an den Vermieter als gek\u00fcndigt. Der Vermieter oder dessen Vertreter kann dann \u00fcber das Objekt frei verf\u00fcgen. Eine (anteilige) R\u00fcckzahlung der Miete aufgrund verfr\u00fchter Abreise erfolgt grunds\u00e4tzlich nicht.<br><\/li><li><strong>Sonderw\u00fcnsche und Nebenabreden<\/strong><br>sind grunds\u00e4tzlich m\u00f6glich. Sie bed\u00fcrfen der schriftlichen Best\u00e4tigung durch den Vermieter. Grunds\u00e4tzlich sind keine Haustiere gestattet.<br><\/li><li><strong>Bezahlung<\/strong><br>Grunds\u00e4tzlich ist der Mietpreis im voraus f\u00e4llig und bei Buchung zu begleichen.<br><br> Bei Rechnungszahlung erh\u00e4lt der Vermieter eine Anzahlung von 200,00 \u20ac, die <br>innerhalb von sieben Tagen nach Erhalt der Buchungsunterlagen auf das u.a. Konto zur Zahlung f\u00e4llig werden.<br><br> Nach der erfolgten Anzahlung wird 30 Tage vor Reiseantritt die Zahlung des Restbetrages f\u00e4llig. Werden die Zahlungsfristen nicht eingehalten, so kann der Vermieter vom Vertrag zur\u00fccktreten. <br><br>Konto des Vermieters<br>Jan Meyer-Struthoff<br>Sparkasse S\u00fcdholstein<br>IBAN: DE43 2305 1030 0000 6510 60<br>BIC-\/SWIFT-Code: NOLADE21SHO<br>Verwendungszweck: Fewo &#8222;Buchstabe + Name&#8220;<br><br>Die Nichtzahlung gilt als R\u00fccktritt und berechtigt zur Neuvermietung.<br>Nebenkosten f\u00fcr Wasser, PKW-Stellplatz, Abfall werden nicht erhoben. <br><br>Die Kosten f\u00fcr Strom, Wasser, W-LAN, Heizung und Endreinigung sind im Mietpreis enthalten.<br><\/li><li><strong>R\u00fccktritt<\/strong><br>Sie k\u00f6nnen jederzeit vom Vertrag zur\u00fccktreten.<br>Der R\u00fccktritt muss schriftlich erfolgen. Im Falle des R\u00fccktritts sind Sie zum Ersatz des uns entstandenen Schadens verpflichtet:<br><\/li><\/ol>\n\n\n\n<p>Bei Stornierungen berechnen wir<\/p>\n\n\n\n<p>&#8211; bis 49 Tage vor Mietbeginn: 10 % des Mietpreises<br>&#8211; bis 35 Tage vor Mietbeginn: 30 % des Mietpreises<br>&#8211; bis 21 Tage vor Mietbeginn: 50 % des Mietpreises<br>&#8211; bis 14 Tage vor Mietbeginn: 70 % des Mietpreises<br>&#8211; ansonsten (sp\u00e4ter als 14 Tage vor Mietbeginn) 100 % des Mietpreises.<\/p>\n\n\n\n<p> Es z\u00e4hlt jeweils das Empfangsdatum Ihrer R\u00fccktrittsnachricht. Bereits eingezahlte Betr\u00e4ge werden verrechnet.<br>Eine Ersatzperson, die zu genannten Bedingungen in Ihren Vertrag eintritt, kann von Ihnen gestellt werden. Eine schriftliche Benachrichtigung gen\u00fcgt.<br><\/p>\n\n\n\n<p><strong>Pflichten des Mieters<\/strong><br>Der Mieter verpflichtet sich, die gemieteten Sachen (Ferienhaus, Inventar und Au\u00dfenanlagen) pfleglich zu behandeln. Wenn w\u00e4hrend des Mietverh\u00e4ltnisses Sch\u00e4den am Ferienhaus und \/ oder dessen Inventar auftreten, ist der Mieter verpflichtet, dies unverz\u00fcglich beim Vermieter anzuzeigen. <br>Bereits bei der Ankunft festgestellte M\u00e4ngel und Sch\u00e4den m\u00fcssen sofort bei der Hausverwaltung gemeldet werden, ansonsten haftet der Mieter f\u00fcr diese Sch\u00e4den. Zur Beseitigung von Sch\u00e4den und M\u00e4ngeln ist eine angemessene Frist einzur\u00e4umen.<br>Anspr\u00fcche aus Beanstandungen, die nicht unverz\u00fcglich vor Ort gemeldet werden, sind ausgeschlossen. Reklamationen, die erst am Ende des Aufenthaltes bzw. nach Verlassen des Ferienhauses bei dem Vermieter eingehen, sind ebenfalls vom Schadenersatz ausgeschlossen.<\/p>\n\n\n\n<p>Bei eventuell auftretenden Leistungsst\u00f6rungen ist der Mieter verpflichtet, alles im Rahmen seiner gesetzlichen Verpflichtung Zumutbare zu tun, um zu einer Behebung der St\u00f6rung beizutragen und eventuell entstandenen Schaden gering zu halten. <br>Am Abreisetag sind vom Mieter pers\u00f6nliche Gegenst\u00e4nde zu entfernen, der Hausm\u00fcll ist in die vorgesehenen Beh\u00e4lter zu entsorgen, Geschirr ist sauber und abgewaschen in den K\u00fcchenschr\u00e4nken zu lagern.<\/p>\n\n\n\n<ol class=\"wp-block-list\" start=\"6\"><li><strong>Datenschutz<\/strong><br>Der Mieter erkl\u00e4rt sich damit einverstanden, dass im Rahmen des mit ihm abgeschlossenen Vertrages notwendige Daten \u00fcber seine Person gespeichert, ge\u00e4ndert und \/ oder gel\u00f6scht werden. Alle pers\u00f6nlichen Daten werden absolut vertraulich behandelt.<br><\/li><li><strong>Haftung<\/strong><br>Die Ausschreibung wurde nach bestem Wissen erstellt. F\u00fcr eine Beeinflussung des Mietobjektes durch h\u00f6here Gewalt, durch landes\u00fcbliche Strom- und Wasserausf\u00e4lle und Unwetter wird nicht gehaftet. Ebenso wird nicht gehaftet bei Eintritt unvorhersehbarer oder unvermeidbarer Umst\u00e4nde wie z.B. beh\u00f6rdlicher Anordnung, pl\u00f6tzlicher Baustelle oder f\u00fcr St\u00f6rungen durch naturbedingte und \u00f6rtliche Begebenheiten. Der Vermieter ist aber gern bei der Behebung der Probleme (soweit dies m\u00f6glich ist) behilflich.<br><br>Eine Haftung des Vermieters f\u00fcr die Benutzung der bereitgestellten Spiel- und Sportger\u00e4te ist ausgeschlossen.<br>Die An- und Abreise des Mieters erfolgt in eigener Verantwortung und Haftung. Der Vermieter haftet nicht f\u00fcr pers\u00f6nliche Gegenst\u00e4nde bei Diebstahl oder Feuer. F\u00fcr mutwillige Zerst\u00f6rungen bzw. Sch\u00e4den haftet der Mieter in vollem Umfang.<br><\/li><li><strong>Schlussbestimmungen<\/strong><br>Fotos und Text auf der Webseite bzw. im Flyer dienen der realistischen Beschreibung. Die 100-prozentige \u00dcbereinstimmung mit dem Mietobjekt kann nicht gew\u00e4hrleistet werden. Der Vermieter beh\u00e4lt sich \u00c4nderungen der Ausstattung (z. B. M\u00f6bel) vor, sofern sie gleichwertig sind.<br>Sollten eine oder mehrere Bestimmungen dieser Gesch\u00e4ftsbedingungen unwirksam sein oder werden, ber\u00fchrt dies die Wirksamkeit der \u00fcbrigen Bedingungen nicht. Die unwirksame Regelung ist durch eine wirksame zu ersetzen, die dem wirtschaftlichen und rechtlichem Willen der Vertragsparteien am nahesten kommt.<br><br>Es gilt deutsches Recht. Gerichtsstand und Erf\u00fcllungsort ist der Wohnort des Vermieters.<\/li><\/ol>\n","protected":false},"excerpt":{"rendered":"<p>Allgemeine Gesch\u00e4ftsbedingungen (AGB) Vermieter: Jan Meyer-Struthoff, Pelzerstra\u00dfe 30a, 23564 L\u00fcbeck Mietgegenstand und Schl\u00fcsselBei dem Mietobjekt handelt es sich um eine Ferienwohnung. Das Mietobjekt ist vollst\u00e4ndig eingerichtet und m\u00f6bliert und wird mit folgender Ausstattung vermietet: Bettw\u00e4sche ist im Preis enthaltenDer Mieter ist berechtigt, w\u00e4hrend der Mietdauer die folgenden Einrichtungen zu benutzen:&#8211; Terrasse\/Balkon&#8211; sonstige Gemeinschaftseinrichtungen soweit vereinbart &hellip; <\/p>\n<p class=\"link-more\"><a href=\"https:\/\/meyer-struthoff.de\/?page_id=204\" class=\"more-link\"><span class=\"screen-reader-text\">\u201eUnsere AGB&#8217;s\u201c <\/span>weiterlesen<\/a><\/p>\n","protected":false},"author":1,"featured_media":0,"parent":0,"menu_order":4,"comment_status":"closed","ping_status":"closed","template":"","meta":{"footnotes":""},"class_list":["post-204","page","type-page","status-publish","hentry"],"_links":{"self":[{"href":"https:\/\/meyer-struthoff.de\/index.php?rest_route=\/wp\/v2\/pages\/204","targetHints":{"allow":["GET"]}}],"collection":[{"href":"https:\/\/meyer-struthoff.de\/index.php?rest_route=\/wp\/v2\/pages"}],"about":[{"href":"https:\/\/meyer-struthoff.de\/index.php?rest_route=\/wp\/v2\/types\/page"}],"author":[{"embeddable":true,"href":"https:\/\/meyer-struthoff.de\/index.php?rest_route=\/wp\/v2\/users\/1"}],"replies":[{"embeddable":true,"href":"https:\/\/meyer-struthoff.de\/index.php?rest_route=%2Fwp%2Fv2%2Fcomments&post=204"}],"version-history":[{"count":4,"href":"https:\/\/meyer-struthoff.de\/index.php?rest_route=\/wp\/v2\/pages\/204\/revisions"}],"predecessor-version":[{"id":620,"href":"https:\/\/meyer-struthoff.de\/index.php?rest_route=\/wp\/v2\/pages\/204\/revisions\/620"}],"wp:attachment":[{"href":"https:\/\/meyer-struthoff.de\/index.php?rest_route=%2Fwp%2Fv2%2Fmedia&parent=204"}],"curies":[{"name":"wp","href":"https:\/\/api.w.org\/{rel}","templated":true}]}}